{"id":2,"date":"2020-10-26T07:43:48","date_gmt":"2020-10-26T07:43:48","guid":{"rendered":"https:\/\/hundesalon8807.ch\/?page_id=2"},"modified":"2022-09-14T13:23:15","modified_gmt":"2022-09-14T13:23:15","slug":"sample-page","status":"publish","type":"page","link":"https:\/\/hundesalon8807.ch\/?page_id=2","title":{"rendered":"Angebote"},"content":{"rendered":"\n<h1 class=\"has-text-color\" style=\"color:#840505\"><strong><span style=\"text-decoration: underline;\">Scheren<\/span><\/strong><\/h1>\n\n\n\n<div class=\"wp-container-2 wp-block-group\"><div class=\"wp-block-group__inner-container\">\n<div class=\"wp-container-1 wp-block-group\"><div class=\"wp-block-group__inner-container\"><\/div><\/div>\n\n\n\n<div class=\"wp-block-media-text alignwide is-stacked-on-mobile is-vertically-aligned-top\"><figure class=\"wp-block-media-text__media\"><img loading=\"lazy\" width=\"200\" height=\"242\" src=\"https:\/\/hundesalon8807.ch\/wp-content\/uploads\/2020\/11\/Scheren.jpg\" alt=\"\" class=\"wp-image-51 size-full\"\/><\/figure><div class=\"wp-block-media-text__content\">\n<p>Je nach Rasse, Ihren W\u00fcnschen, Kurzhaarfrisur oder einfach nur in Form bringen, Ihr Hund kommt bei mir wieder richtig zur Geltung.<\/p>\n<\/div><\/div>\n<\/div><\/div>\n\n\n\n<h1 class=\"has-text-color\" style=\"color:#840505\"><strong><span style=\"text-decoration: underline;\">Trimmen<\/span><\/strong><\/h1>\n\n\n\n<div class=\"wp-block-media-text alignwide is-stacked-on-mobile is-vertically-aligned-top\"><figure class=\"wp-block-media-text__media\"><img loading=\"lazy\" width=\"1024\" height=\"684\" src=\"https:\/\/hundesalon8807.ch\/wp-content\/uploads\/2020\/11\/trimmen-1024x684.jpeg\" alt=\"\" class=\"wp-image-58 size-full\" srcset=\"https:\/\/hundesalon8807.ch\/wp-content\/uploads\/2020\/11\/trimmen-1024x684.jpeg 1024w, https:\/\/hundesalon8807.ch\/wp-content\/uploads\/2020\/11\/trimmen-300x200.jpeg 300w, https:\/\/hundesalon8807.ch\/wp-content\/uploads\/2020\/11\/trimmen-768x513.jpeg 768w, https:\/\/hundesalon8807.ch\/wp-content\/uploads\/2020\/11\/trimmen-1536x1026.jpeg 1536w, https:\/\/hundesalon8807.ch\/wp-content\/uploads\/2020\/11\/trimmen.jpeg 1920w\" sizes=\"(max-width: 767px) 89vw, (max-width: 1000px) 54vw, (max-width: 1071px) 543px, 580px\" \/><\/figure><div class=\"wp-block-media-text__content\">\n<p>Da ausschliesslich bereits abgestorbene Haare entfernt werden, ist diese Prozedur f\u00fcr den Hund schmerzfrei. Nach einer kurzen Ruhezeit beginnen die neuen Haare wieder sch\u00f6n und kr\u00e4ftig zu wachsen.<\/p>\n<\/div><\/div>\n\n\n\n<h1 class=\"has-text-color\" style=\"color:#840505\"><strong><span style=\"text-decoration: underline;\">K\u00e4mmen<\/span><\/strong><\/h1>\n\n\n\n<div class=\"wp-block-media-text alignwide is-stacked-on-mobile is-vertically-aligned-top\"><figure class=\"wp-block-media-text__media\"><img src=\"https:\/\/hundesalon8807.ch\/wp-content\/uploads\/2020\/11\/Kammen.jpg\" alt=\"\" class=\"wp-image-60 size-full\"\/><\/figure><div class=\"wp-block-media-text__content\">\n<p>Besonders wichtig bei Hunden ist das Ausb\u00fcrsten. Die Unterwolle wird mittels F\u00f6hn und B\u00fcrste aus dem Fell gezogen, sodass nichts mehr verfilzen kann. So kann auch die Haut wieder richtig atmen.<\/p>\n<\/div><\/div>\n\n\n\n<h1 class=\"has-text-color\" style=\"color:#840505\"><strong><span style=\"text-decoration: underline;\">Baden<\/span><\/strong><\/h1>\n\n\n\n<div class=\"wp-block-media-text alignwide is-stacked-on-mobile is-vertically-aligned-top\"><figure class=\"wp-block-media-text__media\"><img loading=\"lazy\" width=\"768\" height=\"512\" src=\"https:\/\/hundesalon8807.ch\/wp-content\/uploads\/2020\/11\/baden.jpeg\" alt=\"\" class=\"wp-image-64 size-full\" srcset=\"https:\/\/hundesalon8807.ch\/wp-content\/uploads\/2020\/11\/baden.jpeg 768w, https:\/\/hundesalon8807.ch\/wp-content\/uploads\/2020\/11\/baden-300x200.jpeg 300w\" sizes=\"(max-width: 767px) 89vw, (max-width: 1000px) 54vw, (max-width: 1071px) 543px, 580px\" \/><\/figure><div class=\"wp-block-media-text__content\">\n<p>In der h\u00f6henverstellbaren Badewanne wird Ihr Hund sauber geschrubbt. Je nach Fellstruktur, Farbe oder Vertr\u00e4glichkeit wird dazu das passende Shampoo ausgew\u00e4hlt und daf\u00fcr gesorgt, dass Ihr Liebling wieder gl\u00e4nzt.<\/p>\n<\/div><\/div>\n\n\n\n<h1 class=\"has-text-color\" style=\"color:#840505\"><strong><span style=\"text-decoration: underline;\">Ohrenpflege<\/span><\/strong><\/h1>\n\n\n\n<div class=\"wp-block-media-text alignwide is-stacked-on-mobile is-vertically-aligned-top\"><figure class=\"wp-block-media-text__media\"><img loading=\"lazy\" width=\"276\" height=\"183\" src=\"https:\/\/hundesalon8807.ch\/wp-content\/uploads\/2020\/11\/ohr_flege.jpg\" alt=\"\" class=\"wp-image-66 size-full\"\/><\/figure><div class=\"wp-block-media-text__content\">\n<p>Die l\u00e4stigen, \u00fcberfl\u00fcssigen Haare in den Ohren werden schonend entfernt und alles wird gr\u00fcndlich gereinigt. Diese Pflege ist sehr wichtig, damit sich die Ohren nicht entz\u00fcnden.<\/p>\n\n\n\n<p><\/p>\n<\/div><\/div>\n\n\n\n<h1 class=\"has-text-color\" style=\"color:#840505\"><span style=\"text-decoration: underline;\"><strong>Pfotenpflege<\/strong><\/span><\/h1>\n\n\n\n<div class=\"wp-block-media-text alignwide is-stacked-on-mobile is-vertically-aligned-top\"><figure class=\"wp-block-media-text__media\"><img loading=\"lazy\" width=\"1024\" height=\"683\" src=\"https:\/\/hundesalon8807.ch\/wp-content\/uploads\/2020\/11\/pfotenflegen.jpg\" alt=\"\" class=\"wp-image-68 size-full\" srcset=\"https:\/\/hundesalon8807.ch\/wp-content\/uploads\/2020\/11\/pfotenflegen.jpg 1024w, https:\/\/hundesalon8807.ch\/wp-content\/uploads\/2020\/11\/pfotenflegen-300x200.jpg 300w, https:\/\/hundesalon8807.ch\/wp-content\/uploads\/2020\/11\/pfotenflegen-768x512.jpg 768w\" sizes=\"(max-width: 767px) 89vw, (max-width: 1000px) 54vw, (max-width: 1071px) 543px, 580px\" \/><\/figure><div class=\"wp-block-media-text__content\">\n<p>Ich empfehle, die Pfoten schon im Welpenalter regelm\u00e4ssig zu pflegen. Somit gibt es im Alter viel weniger Widerstand.<\/p>\n\n\n\n<p><\/p>\n<\/div><\/div>\n\n\n\n<h1 class=\"has-text-color\" style=\"color:#840505\"><strong><span style=\"text-decoration: underline;\">Zahnsteinentfernung<\/span><\/strong><\/h1>\n\n\n\n<div class=\"wp-block-file\"><a id=\"wp-block-file--media-945a3763-442b-44a6-94ad-6c7d40db26fd\" href=\"https:\/\/hundesalon8807.ch\/wp-content\/uploads\/2020\/11\/Preisliste-1.pdf\" target=\"_blank\" rel=\"noreferrer noopener\"><strong><span style=\"color:#840505\" class=\"has-inline-color\">Preisliste :<\/span><\/strong><\/a><a href=\"https:\/\/hundesalon8807.ch\/wp-content\/uploads\/2020\/11\/Preisliste-1.pdf\" class=\"wp-block-file__button\" download aria-describedby=\"wp-block-file--media-945a3763-442b-44a6-94ad-6c7d40db26fd\"><strong><span style=\"color:#eaf90b\" class=\"has-inline-color\"><span style=\"text-decoration: underline;\">Herunterladen<\/span><\/span><\/strong><\/a><\/div>\n\n\n\n<p><\/p>\n","protected":false},"excerpt":{"rendered":"<p>Scheren Je nach Rasse, Ihren W\u00fcnschen, Kurzhaarfrisur oder einfach nur in Form bringen, Ihr Hund kommt bei mir wieder richtig zur Geltung. Trimmen Da ausschliesslich bereits abgestorbene Haare entfernt werden, ist diese Prozedur f\u00fcr den Hund schmerzfrei. Nach einer kurzen Ruhezeit beginnen die neuen Haare wieder sch\u00f6n und kr\u00e4ftig zu wachsen. K\u00e4mmen Besonders wichtig bei &hellip; <\/p>\n<p class=\"link-more\"><a href=\"https:\/\/hundesalon8807.ch\/?page_id=2\" class=\"more-link\"><span class=\"screen-reader-text\">\u201eAngebote\u201c<\/span> weiterlesen<\/a><\/p>\n","protected":false},"author":1,"featured_media":0,"parent":0,"menu_order":0,"comment_status":"closed","ping_status":"open","template":"","meta":{"spay_email":""},"_links":{"self":[{"href":"https:\/\/hundesalon8807.ch\/index.php?rest_route=\/wp\/v2\/pages\/2"}],"collection":[{"href":"https:\/\/hundesalon8807.ch\/index.php?rest_route=\/wp\/v2\/pages"}],"about":[{"href":"https:\/\/hundesalon8807.ch\/index.php?rest_route=\/wp\/v2\/types\/page"}],"author":[{"embeddable":true,"href":"https:\/\/hundesalon8807.ch\/index.php?rest_route=\/wp\/v2\/users\/1"}],"replies":[{"embeddable":true,"href":"https:\/\/hundesalon8807.ch\/index.php?rest_route=%2Fwp%2Fv2%2Fcomments&post=2"}],"version-history":[{"count":36,"href":"https:\/\/hundesalon8807.ch\/index.php?rest_route=\/wp\/v2\/pages\/2\/revisions"}],"predecessor-version":[{"id":472,"href":"https:\/\/hundesalon8807.ch\/index.php?rest_route=\/wp\/v2\/pages\/2\/revisions\/472"}],"wp:attachment":[{"href":"https:\/\/hundesalon8807.ch\/index.php?rest_route=%2Fwp%2Fv2%2Fmedia&parent=2"}],"curies":[{"name":"wp","href":"https:\/\/api.w.org\/{rel}","templated":true}]}}