{"id":22,"date":"2020-10-26T08:06:41","date_gmt":"2020-10-26T08:06:41","guid":{"rendered":"https:\/\/hundesalon8807.ch\/?page_id=22"},"modified":"2024-03-11T20:52:36","modified_gmt":"2024-03-11T20:52:36","slug":"blog","status":"publish","type":"page","link":"https:\/\/hundesalon8807.ch\/?page_id=22","title":{"rendered":"Preise"},"content":{"rendered":"\n<h2 class=\"has-black-color has-text-color\"><strong>Kleine Hunde (1.5 &#8211; 3 Stunden)<\/strong><\/h2>\n\n\n\n<figure class=\"wp-block-table\"><table class=\"has-background\" style=\"background-color:#fcf0ef\"><tbody><tr><td>Schneiden, Baden, F\u00f6hnen<\/td><td><mark style=\"background-color:rgba(0, 0, 0, 0)\" class=\"has-inline-color has-vivid-red-color\">ab CHF 100.- bis 110.-<\/mark><\/td><\/tr><tr><td>Trimmen, Baden, F\u00f6hnen<\/td><td><mark style=\"background-color:rgba(0, 0, 0, 0)\" class=\"has-inline-color has-vivid-red-color\">ab CHF 110.- bis 120.-<\/mark><\/td><\/tr><tr><td>Baden und F\u00f6hnen<\/td><td><mark style=\"background-color:rgba(0, 0, 0, 0)\" class=\"has-inline-color has-vivid-red-color\">CHF 60.-<\/mark><\/td><\/tr><tr><td>Unterwolle entfernen<\/td><td><mark style=\"background-color:rgba(0, 0, 0, 0)\" class=\"has-inline-color has-vivid-red-color\">CHF 40.- pro 30 Minuten<\/mark><\/td><\/tr><tr><td>Entfilzen und K\u00e4mmen<\/td><td><mark style=\"background-color:rgba(0, 0, 0, 0)\" class=\"has-inline-color has-vivid-red-color\">CHF 40.- pro 30 Minuten<\/mark><\/td><\/tr><\/tbody><\/table><\/figure>\n\n\n\n<h2 class=\"has-black-color has-text-color\"><strong>Mittelgrosse Hunde (2 &#8211; 3.5 Stunden)<\/strong><\/h2>\n\n\n\n<figure class=\"wp-block-table is-style-regular\"><table class=\"has-background\" style=\"background-color:#fcf0ef\"><tbody><tr><td>Schneiden, Baden, F\u00f6hnen<\/td><td><mark style=\"background-color:rgba(0, 0, 0, 0)\" class=\"has-inline-color has-vivid-red-color\">ab CHF 115.- bis 180.-<\/mark><\/td><\/tr><tr><td>Trimmen, Baden, F\u00f6hnen<\/td><td><mark style=\"background-color:rgba(0, 0, 0, 0)\" class=\"has-inline-color has-vivid-red-color\">ab CHF 125.- bis 165.-<\/mark><\/td><\/tr><tr><td>Baden und F\u00f6hnen<\/td><td><mark style=\"background-color:rgba(0, 0, 0, 0)\" class=\"has-inline-color has-vivid-red-color\">CHF 75.-<\/mark><\/td><\/tr><tr><td>Unterwolle entfernen<\/td><td><mark style=\"background-color:rgba(0, 0, 0, 0)\" class=\"has-inline-color has-vivid-red-color\">CHF 40.- pro 30 Minuten<\/mark><\/td><\/tr><tr><td>Entfilzen und K\u00e4mmen<\/td><td><mark style=\"background-color:rgba(0, 0, 0, 0)\" class=\"has-inline-color has-vivid-red-color\">CHF 40.- pro 30 Minuten<\/mark><\/td><\/tr><\/tbody><\/table><\/figure>\n\n\n\n<h2 class=\"has-black-color has-text-color\"><strong>Grosse Hunde (2.5 &#8211; 4.5 Stunden)<\/strong><\/h2>\n\n\n\n<figure class=\"wp-block-table\"><table class=\"has-background\" style=\"background-color:#fcf0ef\"><tbody><tr><td>Schneiden, Baden, F\u00f6hnen<\/td><td><mark style=\"background-color:rgba(0, 0, 0, 0)\" class=\"has-inline-color has-vivid-red-color\">ab CHF 140.- bis 230.-<\/mark><\/td><\/tr><tr><td>Trimmen, Baden, F\u00f6hnen<\/td><td><mark style=\"background-color:rgba(0, 0, 0, 0)\" class=\"has-inline-color has-vivid-red-color\">ab CHF 150.- bis 240.-<\/mark><\/td><\/tr><tr><td>Baden und F\u00f6hnen<\/td><td><mark style=\"background-color:rgba(0, 0, 0, 0)\" class=\"has-inline-color has-vivid-red-color\">CHF 95.-<\/mark><\/td><\/tr><tr><td>Unterwolle entfernen<\/td><td><mark style=\"background-color:rgba(0, 0, 0, 0)\" class=\"has-inline-color has-vivid-red-color\">CHF 40.- pro 30 Minuten<\/mark><\/td><\/tr><tr><td>Entfilzen und K\u00e4mmen<\/td><td><mark style=\"background-color:rgba(0, 0, 0, 0)\" class=\"has-inline-color has-vivid-red-color\">CHF 40.- pro 30 Minuten<\/mark><\/td><\/tr><\/tbody><\/table><\/figure>\n\n\n\n<h2 class=\"has-black-color has-text-color\"><strong>Allgemein<\/strong><\/h2>\n\n\n\n<figure class=\"wp-block-table\"><table class=\"has-background\" style=\"background-color:#fcf0ef\"><tbody><tr><td>Zahnsteinentfernung<\/td><td><span class=\"has-inline-color has-vivid-red-color\">ab CHF 50.- bis 90.-<\/span><\/td><\/tr><\/tbody><\/table><\/figure>\n\n\n\n<div class=\"wp-block-file\"><a id=\"wp-block-file--media-241c5ca4-0678-421b-8d1a-e555c0d5d7fa\" href=\"https:\/\/hundesalon8807.ch\/wp-content\/uploads\/2020\/11\/Preisliste-1.pdf\"><mark style=\"background-color:rgba(0, 0, 0, 0);color:#840505\" class=\"has-inline-color\"><strong>Preisliste<\/strong><\/mark><\/a><a href=\"https:\/\/hundesalon8807.ch\/wp-content\/uploads\/2020\/11\/Preisliste-1.pdf\" class=\"wp-block-file__button\" download aria-describedby=\"wp-block-file--media-241c5ca4-0678-421b-8d1a-e555c0d5d7fa\"><mark style=\"background-color:rgba(0, 0, 0, 0);color:#eaf90b\" class=\"has-inline-color\">Herunterladen<\/mark><\/a><\/div>\n\n\n\n<p><\/p>\n","protected":false},"excerpt":{"rendered":"<p>Kleine Hunde (1.5 &#8211; 3 Stunden) Schneiden, Baden, F\u00f6hnen ab CHF 100.- bis 110.- Trimmen, Baden, F\u00f6hnen ab CHF 110.- bis 120.- Baden und F\u00f6hnen CHF 60.- Unterwolle entfernen CHF 40.- pro 30 Minuten Entfilzen und K\u00e4mmen CHF 40.- pro 30 Minuten Mittelgrosse Hunde (2 &#8211; 3.5 Stunden) Schneiden, Baden, F\u00f6hnen ab CHF 115.- bis &hellip; <\/p>\n<p class=\"link-more\"><a href=\"https:\/\/hundesalon8807.ch\/?page_id=22\" class=\"more-link\"><span class=\"screen-reader-text\">\u201ePreise\u201c<\/span> weiterlesen<\/a><\/p>\n","protected":false},"author":1,"featured_media":0,"parent":0,"menu_order":0,"comment_status":"closed","ping_status":"closed","template":"","meta":{"spay_email":""},"_links":{"self":[{"href":"https:\/\/hundesalon8807.ch\/index.php?rest_route=\/wp\/v2\/pages\/22"}],"collection":[{"href":"https:\/\/hundesalon8807.ch\/index.php?rest_route=\/wp\/v2\/pages"}],"about":[{"href":"https:\/\/hundesalon8807.ch\/index.php?rest_route=\/wp\/v2\/types\/page"}],"author":[{"embeddable":true,"href":"https:\/\/hundesalon8807.ch\/index.php?rest_route=\/wp\/v2\/users\/1"}],"replies":[{"embeddable":true,"href":"https:\/\/hundesalon8807.ch\/index.php?rest_route=%2Fwp%2Fv2%2Fcomments&post=22"}],"version-history":[{"count":13,"href":"https:\/\/hundesalon8807.ch\/index.php?rest_route=\/wp\/v2\/pages\/22\/revisions"}],"predecessor-version":[{"id":520,"href":"https:\/\/hundesalon8807.ch\/index.php?rest_route=\/wp\/v2\/pages\/22\/revisions\/520"}],"wp:attachment":[{"href":"https:\/\/hundesalon8807.ch\/index.php?rest_route=%2Fwp%2Fv2%2Fmedia&parent=22"}],"curies":[{"name":"wp","href":"https:\/\/api.w.org\/{rel}","templated":true}]}}